{"id":824,"date":"2024-05-03T15:46:02","date_gmt":"2024-05-03T15:46:02","guid":{"rendered":"https:\/\/cornicheperfume.com\/hakkimizda\/"},"modified":"2026-04-15T03:40:21","modified_gmt":"2026-04-15T03:40:21","slug":"hakkimizda","status":"publish","type":"page","link":"https:\/\/cornicheperfume.com\/tr\/hakkimizda\/","title":{"rendered":"HAKKIMIZDA"},"content":{"rendered":"\t\t<div data-elementor-type=\"wp-page\" data-elementor-id=\"824\" class=\"elementor elementor-824 elementor-275\" data-elementor-post-type=\"page\">\n\t\t\t\t<div class=\"elementor-element elementor-element-356bb3c9 e-con-full e-flex e-con e-parent\" data-id=\"356bb3c9\" data-element_type=\"container\" data-e-type=\"container\" data-settings=\"{&quot;background_background&quot;:&quot;classic&quot;}\">\n\t\t\t\t<div class=\"elementor-element elementor-element-1d41c043 elementor-widget__width-inherit elementor-invisible elementor-widget elementor-widget-image\" data-id=\"1d41c043\" data-element_type=\"widget\" data-e-type=\"widget\" data-settings=\"{&quot;_animation&quot;:&quot;fadeInUp&quot;}\" data-widget_type=\"image.default\">\n\t\t\t\t<div class=\"elementor-widget-container\">\n\t\t\t\t\t\t\t\t\t\t\t\t\t\t\t<img fetchpriority=\"high\" decoding=\"async\" width=\"1600\" height=\"712\" src=\"https:\/\/cornicheperfume.com\/wp-content\/uploads\/2024\/05\/corniche.webp\" class=\"attachment-full size-full wp-image-819\" alt=\"\" srcset=\"https:\/\/cornicheperfume.com\/wp-content\/uploads\/2024\/05\/corniche.webp 1600w, https:\/\/cornicheperfume.com\/wp-content\/uploads\/2024\/05\/corniche-300x134.webp 300w, https:\/\/cornicheperfume.com\/wp-content\/uploads\/2024\/05\/corniche-1024x456.webp 1024w, https:\/\/cornicheperfume.com\/wp-content\/uploads\/2024\/05\/corniche-768x342.webp 768w, https:\/\/cornicheperfume.com\/wp-content\/uploads\/2024\/05\/corniche-1536x684.webp 1536w, https:\/\/cornicheperfume.com\/wp-content\/uploads\/2024\/05\/corniche-600x267.webp 600w\" sizes=\"(max-width: 1600px) 100vw, 1600px\" \/>\t\t\t\t\t\t\t\t\t\t\t\t\t\t\t<\/div>\n\t\t\t\t<\/div>\n\t\t<div class=\"elementor-element elementor-element-9ca5eb6 e-con-full e-flex e-con e-child\" data-id=\"9ca5eb6\" data-element_type=\"container\" data-e-type=\"container\">\n\t\t<div class=\"elementor-element elementor-element-eee9de1 e-con-full e-flex e-con e-child\" data-id=\"eee9de1\" data-element_type=\"container\" data-e-type=\"container\">\n\t\t\t\t<div class=\"elementor-element elementor-element-72f0f5c elementor-widget-divider--view-line elementor-invisible elementor-widget elementor-widget-divider\" data-id=\"72f0f5c\" data-element_type=\"widget\" data-e-type=\"widget\" data-settings=\"{&quot;_animation&quot;:&quot;fadeInLeft&quot;}\" data-widget_type=\"divider.default\">\n\t\t\t\t<div class=\"elementor-widget-container\">\n\t\t\t\t\t\t\t<div class=\"elementor-divider\">\n\t\t\t<span class=\"elementor-divider-separator\">\n\t\t\t\t\t\t<\/span>\n\t\t<\/div>\n\t\t\t\t\t\t<\/div>\n\t\t\t\t<\/div>\n\t\t\t\t<div class=\"elementor-element elementor-element-b700c25 elementor-widget elementor-widget-heading\" data-id=\"b700c25\" data-element_type=\"widget\" data-e-type=\"widget\" data-widget_type=\"heading.default\">\n\t\t\t\t<div class=\"elementor-widget-container\">\n\t\t\t\t\t<h2 class=\"elementor-heading-title elementor-size-default\">HAKKIMIZDA<\/h2>\t\t\t\t<\/div>\n\t\t\t\t<\/div>\n\t\t\t\t<div class=\"elementor-element elementor-element-9e38dab elementor-widget__width-inherit elementor-invisible elementor-widget elementor-widget-image\" data-id=\"9e38dab\" data-element_type=\"widget\" data-e-type=\"widget\" data-settings=\"{&quot;_animation&quot;:&quot;fadeIn&quot;}\" data-widget_type=\"image.default\">\n\t\t\t\t<div class=\"elementor-widget-container\">\n\t\t\t\t\t\t\t\t\t\t\t\t\t\t\t<img decoding=\"async\" width=\"800\" height=\"800\" src=\"https:\/\/cornicheperfume.com\/wp-content\/uploads\/2024\/05\/Untitled-design-3-1024x1024.jpg\" class=\"attachment-large size-large wp-image-820\" alt=\"\" srcset=\"https:\/\/cornicheperfume.com\/wp-content\/uploads\/2024\/05\/Untitled-design-3-1024x1024.jpg 1024w, https:\/\/cornicheperfume.com\/wp-content\/uploads\/2024\/05\/Untitled-design-3-300x300.jpg 300w, https:\/\/cornicheperfume.com\/wp-content\/uploads\/2024\/05\/Untitled-design-3-150x150.jpg 150w, https:\/\/cornicheperfume.com\/wp-content\/uploads\/2024\/05\/Untitled-design-3-768x768.jpg 768w, https:\/\/cornicheperfume.com\/wp-content\/uploads\/2024\/05\/Untitled-design-3-600x600.jpg 600w, https:\/\/cornicheperfume.com\/wp-content\/uploads\/2024\/05\/Untitled-design-3-100x100.jpg 100w, https:\/\/cornicheperfume.com\/wp-content\/uploads\/2024\/05\/Untitled-design-3.jpg 1080w\" sizes=\"(max-width: 800px) 100vw, 800px\" \/>\t\t\t\t\t\t\t\t\t\t\t\t\t\t\t<\/div>\n\t\t\t\t<\/div>\n\t\t\t\t<\/div>\n\t\t<div class=\"elementor-element elementor-element-dd3ca9e e-con-full e-flex e-con e-child\" data-id=\"dd3ca9e\" data-element_type=\"container\" data-e-type=\"container\">\n\t\t\t\t<div class=\"elementor-element elementor-element-3ac7946 elementor-invisible elementor-widget elementor-widget-text-editor\" data-id=\"3ac7946\" data-element_type=\"widget\" data-e-type=\"widget\" data-settings=\"{&quot;_animation&quot;:&quot;fadeInUp&quot;}\" data-widget_type=\"text-editor.default\">\n\t\t\t\t<div class=\"elementor-widget-container\">\n\t\t\t\t\t\t\t\t\t<p>Fransa&#8217;n\u0131n b\u00fcy\u00fcleyici G\u00fcney&#8217;inin kalbinde, engebeli da\u011flar\u0131n sakin denizle kucakla\u015ft\u0131\u011f\u0131 yerde, ba\u015fka hi\u00e7bir \u015feye benzemeyen bir koku yolculu\u011fu ba\u015flar. Buras\u0131, bu pitoresk b\u00f6lgenin \u00f6z\u00fcyle demlenmi\u015f bir marka olan Corniche d&#8217;Or&#8217;un do\u011fdu\u011fu yerdir. <\/p><p>Kesilmi\u015f bir kristale benzeyen her \u015fi\u015fe, i\u00e7inde de\u011ferli bir s\u0131r bar\u0131nd\u0131r\u0131r. Bu koku mabedinin a\u011f\u0131r kap\u0131s\u0131n\u0131 a\u00e7t\u0131\u011f\u0131n\u0131zda, nadir ve se\u00e7kin parf\u00fcmlerin sizi bekledi\u011fi bir zenginlik diyar\u0131na ta\u015f\u0131n\u0131rs\u0131n\u0131z. \u0130\u015fte burada, Corniche d&#8217;Or&#8217;un cazibesinin ortas\u0131nda, hikaye ger\u00e7ekten ortaya \u00e7\u0131k\u0131yor.  <\/p><p class=\"p1\">Corniche d&#8217;Or cam e\u015fyalar\u0131, Corniche d&#8217;Or b\u00f6lgesinin \u0131\u015f\u0131lt\u0131l\u0131 da\u011flar\u0131n\u0131 yans\u0131tarak anavatan\u0131m\u0131z\u0131n ruhunu yakal\u0131yor. G\u00fcne\u015f \u0131\u015f\u0131nlar\u0131 gibi, alt\u0131n rengiyle par\u0131ldayan bu camlar, \u00fclkemizin \u00f6z\u00fcn\u00fc \u00e7a\u011fr\u0131\u015ft\u0131r\u0131yor. <\/p>\t\t\t\t\t\t\t\t<\/div>\n\t\t\t\t<\/div>\n\t\t\t\t<\/div>\n\t\t\t\t<\/div>\n\t\t\t\t<\/div>\n\t\t<div class=\"elementor-element elementor-element-4dac2b59 e-con-full e-flex e-con e-parent\" data-id=\"4dac2b59\" data-element_type=\"container\" data-e-type=\"container\" data-settings=\"{&quot;background_background&quot;:&quot;classic&quot;}\">\n\t\t<div class=\"elementor-element elementor-element-3a24d62a e-con-full e-flex e-con e-child\" data-id=\"3a24d62a\" data-element_type=\"container\" data-e-type=\"container\">\n\t\t\t\t<div class=\"elementor-element elementor-element-675035aa elementor-widget-divider--view-line elementor-invisible elementor-widget elementor-widget-divider\" data-id=\"675035aa\" data-element_type=\"widget\" data-e-type=\"widget\" data-settings=\"{&quot;_animation&quot;:&quot;fadeInLeft&quot;}\" data-widget_type=\"divider.default\">\n\t\t\t\t<div class=\"elementor-widget-container\">\n\t\t\t\t\t\t\t<div class=\"elementor-divider\">\n\t\t\t<span class=\"elementor-divider-separator\">\n\t\t\t\t\t\t<\/span>\n\t\t<\/div>\n\t\t\t\t\t\t<\/div>\n\t\t\t\t<\/div>\n\t\t\t\t<div class=\"elementor-element elementor-element-71e7785f elementor-widget elementor-widget-heading\" data-id=\"71e7785f\" data-element_type=\"widget\" data-e-type=\"widget\" data-widget_type=\"heading.default\">\n\t\t\t\t<div class=\"elementor-widget-container\">\n\t\t\t\t\t<h2 class=\"elementor-heading-title elementor-size-default\">PARF\u00dcMLERI\u0307MI\u0307Z HAKKINDA<\/h2>\t\t\t\t<\/div>\n\t\t\t\t<\/div>\n\t\t\t\t<div class=\"elementor-element elementor-element-68a84e62 elementor-widget__width-inherit elementor-invisible elementor-widget elementor-widget-image\" data-id=\"68a84e62\" data-element_type=\"widget\" data-e-type=\"widget\" data-settings=\"{&quot;_animation&quot;:&quot;fadeIn&quot;}\" data-widget_type=\"image.default\">\n\t\t\t\t<div class=\"elementor-widget-container\">\n\t\t\t\t\t\t\t\t\t\t\t\t\t\t\t<img decoding=\"async\" width=\"800\" height=\"643\" src=\"https:\/\/cornicheperfume.com\/wp-content\/uploads\/2024\/05\/IMG_4719-copy-1024x823.webp\" class=\"attachment-large size-large wp-image-821\" alt=\"\" srcset=\"https:\/\/cornicheperfume.com\/wp-content\/uploads\/2024\/05\/IMG_4719-copy-1024x823.webp 1024w, https:\/\/cornicheperfume.com\/wp-content\/uploads\/2024\/05\/IMG_4719-copy-300x241.webp 300w, https:\/\/cornicheperfume.com\/wp-content\/uploads\/2024\/05\/IMG_4719-copy-768x617.webp 768w, https:\/\/cornicheperfume.com\/wp-content\/uploads\/2024\/05\/IMG_4719-copy-1536x1234.webp 1536w, https:\/\/cornicheperfume.com\/wp-content\/uploads\/2024\/05\/IMG_4719-copy-2048x1645.webp 2048w, https:\/\/cornicheperfume.com\/wp-content\/uploads\/2024\/05\/IMG_4719-copy-600x482.webp 600w\" sizes=\"(max-width: 800px) 100vw, 800px\" \/>\t\t\t\t\t\t\t\t\t\t\t\t\t\t\t<\/div>\n\t\t\t\t<\/div>\n\t\t\t\t<\/div>\n\t\t<div class=\"elementor-element elementor-element-768b57cf e-con-full e-flex e-con e-child\" data-id=\"768b57cf\" data-element_type=\"container\" data-e-type=\"container\">\n\t\t\t\t<div class=\"elementor-element elementor-element-1a0a661d elementor-widget__width-initial elementor-invisible elementor-widget elementor-widget-image\" data-id=\"1a0a661d\" data-element_type=\"widget\" data-e-type=\"widget\" data-settings=\"{&quot;_animation&quot;:&quot;fadeInDown&quot;,&quot;_animation_tablet&quot;:&quot;fadeInLeft&quot;}\" data-widget_type=\"image.default\">\n\t\t\t\t<div class=\"elementor-widget-container\">\n\t\t\t\t\t\t\t\t\t\t\t\t\t\t\t<img loading=\"lazy\" decoding=\"async\" width=\"779\" height=\"1024\" src=\"https:\/\/cornicheperfume.com\/wp-content\/uploads\/2024\/05\/Untitled-design-copy-779x1024.webp\" class=\"attachment-large size-large wp-image-822\" alt=\"\" srcset=\"https:\/\/cornicheperfume.com\/wp-content\/uploads\/2024\/05\/Untitled-design-copy-779x1024.webp 779w, https:\/\/cornicheperfume.com\/wp-content\/uploads\/2024\/05\/Untitled-design-copy-228x300.webp 228w, https:\/\/cornicheperfume.com\/wp-content\/uploads\/2024\/05\/Untitled-design-copy-768x1010.webp 768w, https:\/\/cornicheperfume.com\/wp-content\/uploads\/2024\/05\/Untitled-design-copy-600x789.webp 600w, https:\/\/cornicheperfume.com\/wp-content\/uploads\/2024\/05\/Untitled-design-copy.webp 1080w\" sizes=\"(max-width: 779px) 100vw, 779px\" \/>\t\t\t\t\t\t\t\t\t\t\t\t\t\t\t<\/div>\n\t\t\t\t<\/div>\n\t\t\t\t<div class=\"elementor-element elementor-element-6419c7b8 elementor-widget__width-initial elementor-invisible elementor-widget elementor-widget-image\" data-id=\"6419c7b8\" data-element_type=\"widget\" data-e-type=\"widget\" data-settings=\"{&quot;_animation&quot;:&quot;fadeInDown&quot;,&quot;_animation_tablet&quot;:&quot;fadeInRight&quot;,&quot;_animation_delay&quot;:&quot;200&quot;}\" data-widget_type=\"image.default\">\n\t\t\t\t<div class=\"elementor-widget-container\">\n\t\t\t\t\t\t\t\t\t\t\t\t\t\t\t<img loading=\"lazy\" decoding=\"async\" width=\"779\" height=\"1024\" src=\"https:\/\/cornicheperfume.com\/wp-content\/uploads\/2024\/05\/mirer1-779x1024.webp\" class=\"attachment-large size-large wp-image-823\" alt=\"\" srcset=\"https:\/\/cornicheperfume.com\/wp-content\/uploads\/2024\/05\/mirer1-779x1024.webp 779w, https:\/\/cornicheperfume.com\/wp-content\/uploads\/2024\/05\/mirer1-228x300.webp 228w, https:\/\/cornicheperfume.com\/wp-content\/uploads\/2024\/05\/mirer1-768x1010.webp 768w, https:\/\/cornicheperfume.com\/wp-content\/uploads\/2024\/05\/mirer1-600x789.webp 600w, https:\/\/cornicheperfume.com\/wp-content\/uploads\/2024\/05\/mirer1.webp 1080w\" sizes=\"(max-width: 779px) 100vw, 779px\" \/>\t\t\t\t\t\t\t\t\t\t\t\t\t\t\t<\/div>\n\t\t\t\t<\/div>\n\t\t\t\t<div class=\"elementor-element elementor-element-5e0fb64a elementor-invisible elementor-widget elementor-widget-text-editor\" data-id=\"5e0fb64a\" data-element_type=\"widget\" data-e-type=\"widget\" data-settings=\"{&quot;_animation&quot;:&quot;fadeInUp&quot;}\" data-widget_type=\"text-editor.default\">\n\t\t\t\t<div class=\"elementor-widget-container\">\n\t\t\t\t\t\t\t\t\t<p class=\"p1\">Yirmi y\u0131l\u0131 a\u015fk\u0131n bir s\u00fcreyi \u00e7e\u015fitli markalarla i\u015fbirli\u011fi yapmaya ve bir\u00e7ok ni\u015f parf\u00fcm markas\u0131n\u0131n \u00f6z\u00fcn\u00fc ve konseptini olu\u015fturmaya adad\u0131ktan sonra, benzersiz yolculu\u011fumuza \u00e7\u0131kmaya karar verdi\u011fimiz an geldi.<\/p><p class=\"p1\">CORNICHE D&#8217;OR markas\u0131, \u00f6nde gelen parf\u00fcmeri \u015firketleri ve tan\u0131nm\u0131\u015f parf\u00fcm\u00f6rlerle i\u015fbirli\u011fi yaparak olu\u015fturdu\u011fumuz uzmanl\u0131\u011f\u0131m\u0131z\u0131n doruk noktas\u0131d\u0131r.<\/p>\t\t\t\t\t\t\t\t<\/div>\n\t\t\t\t<\/div>\n\t\t\t\t<\/div>\n\t\t\t\t<\/div>\n\t\t\t\t<\/div>\n\t\t","protected":false},"excerpt":{"rendered":"<p>HAKKIMIZDA Fransa&#8217;n\u0131n b\u00fcy\u00fcleyici G\u00fcney&#8217;inin kalbinde, engebeli da\u011flar\u0131n sakin denizle kucakla\u015ft\u0131\u011f\u0131 yerde, ba\u015fka hi\u00e7bir \u015feye benzemeyen bir koku yolculu\u011fu ba\u015flar. Buras\u0131, bu pitoresk b\u00f6lgenin \u00f6z\u00fcyle demlenmi\u015f bir marka olan Corniche d&#8217;Or&#8217;un do\u011fdu\u011fu yerdir. Kesilmi\u015f bir kristale benzeyen her \u015fi\u015fe, i\u00e7inde de\u011ferli bir s\u0131r bar\u0131nd\u0131r\u0131r. Bu koku mabedinin a\u011f\u0131r kap\u0131s\u0131n\u0131 a\u00e7t\u0131\u011f\u0131n\u0131zda, nadir ve se\u00e7kin parf\u00fcmlerin sizi bekledi\u011fi [&hellip;]<\/p>\n","protected":false},"author":1,"featured_media":0,"parent":0,"menu_order":0,"comment_status":"closed","ping_status":"closed","template":"elementor_header_footer","meta":{"footnotes":""},"class_list":["post-824","page","type-page","status-publish","hentry"],"_links":{"self":[{"href":"https:\/\/cornicheperfume.com\/tr\/wp-json\/wp\/v2\/pages\/824","targetHints":{"allow":["GET"]}}],"collection":[{"href":"https:\/\/cornicheperfume.com\/tr\/wp-json\/wp\/v2\/pages"}],"about":[{"href":"https:\/\/cornicheperfume.com\/tr\/wp-json\/wp\/v2\/types\/page"}],"author":[{"embeddable":true,"href":"https:\/\/cornicheperfume.com\/tr\/wp-json\/wp\/v2\/users\/1"}],"replies":[{"embeddable":true,"href":"https:\/\/cornicheperfume.com\/tr\/wp-json\/wp\/v2\/comments?post=824"}],"version-history":[{"count":1,"href":"https:\/\/cornicheperfume.com\/tr\/wp-json\/wp\/v2\/pages\/824\/revisions"}],"predecessor-version":[{"id":834,"href":"https:\/\/cornicheperfume.com\/tr\/wp-json\/wp\/v2\/pages\/824\/revisions\/834"}],"wp:attachment":[{"href":"https:\/\/cornicheperfume.com\/tr\/wp-json\/wp\/v2\/media?parent=824"}],"curies":[{"name":"wp","href":"https:\/\/api.w.org\/{rel}","templated":true}]}}