{"id":858,"date":"2024-06-10T07:43:26","date_gmt":"2024-06-10T07:43:26","guid":{"rendered":"https:\/\/cornicheperfume.com\/parfum-blogu\/"},"modified":"2026-04-15T03:48:09","modified_gmt":"2026-04-15T03:48:09","slug":"parfum-blogu","status":"publish","type":"page","link":"https:\/\/cornicheperfume.com\/tr\/parfum-blogu\/","title":{"rendered":"Parf\u00fcm Blogu"},"content":{"rendered":"\t\t<div data-elementor-type=\"wp-page\" data-elementor-id=\"858\" class=\"elementor elementor-858 elementor-536\" data-elementor-post-type=\"page\">\n\t\t\t\t<div class=\"elementor-element elementor-element-4f86bfa9 e-flex e-con-boxed e-con e-parent\" data-id=\"4f86bfa9\" data-element_type=\"container\" data-e-type=\"container\">\n\t\t\t\t\t<div class=\"e-con-inner\">\n\t\t<div class=\"elementor-element elementor-element-208f66d1 e-flex e-con-boxed e-con e-child\" data-id=\"208f66d1\" data-element_type=\"container\" data-e-type=\"container\" data-settings=\"{&quot;background_background&quot;:&quot;classic&quot;}\">\n\t\t\t\t\t<div class=\"e-con-inner\">\n\t\t\t\t<div class=\"elementor-element elementor-element-1411b1e7 elementor-widget elementor-widget-heading\" data-id=\"1411b1e7\" data-element_type=\"widget\" data-e-type=\"widget\" data-widget_type=\"heading.default\">\n\t\t\t\t<div class=\"elementor-widget-container\">\n\t\t\t\t\t<h1 class=\"elementor-heading-title elementor-size-default\">PARF\u00dcM BLO\u011eU<\/h1>\t\t\t\t<\/div>\n\t\t\t\t<\/div>\n\t\t\t\t<div class=\"elementor-element elementor-element-15c8a524 elementor-widget__width-inherit elementor-widget elementor-widget-text-editor\" data-id=\"15c8a524\" data-element_type=\"widget\" data-e-type=\"widget\" data-widget_type=\"text-editor.default\">\n\t\t\t\t<div class=\"elementor-widget-container\">\n\t\t\t\t\t\t\t\t\tZiyaret\u00e7ilerin burada ne t\u00fcr yaz\u0131lar bulacaklar\u0131n\u0131 bilmeleri i\u00e7in blogunuzu tan\u0131tan k\u0131sa bir a\u00e7\u0131klama.\t\t\t\t\t\t\t\t<\/div>\n\t\t\t\t<\/div>\n\t\t\t\t\t<\/div>\n\t\t\t\t<\/div>\n\t\t\t\t\t<\/div>\n\t\t\t\t<\/div>\n\t\t<div class=\"elementor-element elementor-element-74b433b7 e-flex e-con-boxed e-con e-parent\" data-id=\"74b433b7\" data-element_type=\"container\" data-e-type=\"container\">\n\t\t\t\t\t<div class=\"e-con-inner\">\n\t\t\t\t<div class=\"elementor-element elementor-element-67016801 elementor-posts__hover-none elementor-grid-3 elementor-grid-tablet-2 elementor-grid-mobile-1 elementor-posts--thumbnail-top elementor-widget elementor-widget-posts\" data-id=\"67016801\" data-element_type=\"widget\" data-e-type=\"widget\" data-settings=\"{&quot;cards_row_gap&quot;:{&quot;unit&quot;:&quot;px&quot;,&quot;size&quot;:80,&quot;sizes&quot;:[]},&quot;cards_row_gap_tablet&quot;:{&quot;unit&quot;:&quot;px&quot;,&quot;size&quot;:71,&quot;sizes&quot;:[]},&quot;cards_row_gap_mobile&quot;:{&quot;unit&quot;:&quot;px&quot;,&quot;size&quot;:30,&quot;sizes&quot;:[]},&quot;cards_columns&quot;:&quot;3&quot;,&quot;cards_columns_tablet&quot;:&quot;2&quot;,&quot;cards_columns_mobile&quot;:&quot;1&quot;}\" data-widget_type=\"posts.cards\">\n\t\t\t\t<div class=\"elementor-widget-container\">\n\t\t\t\t\t\t\t<div class=\"elementor-posts-container elementor-posts elementor-posts--skin-cards elementor-grid\" role=\"list\">\n\t\t\t\t<article class=\"elementor-post elementor-grid-item post-864 post type-post status-publish format-standard has-post-thumbnail hentry category-uncategorized-tr tag-lueur-de-vie\" role=\"listitem\">\n\t\t\t<div class=\"elementor-post__card\">\n\t\t\t\t<a class=\"elementor-post__thumbnail__link\" href=\"https:\/\/cornicheperfume.com\/tr\/2024\/07\/23\/lueur-de-vie-muhtesem-ciceksi-agarwood-senfonisiyle-isiltinizi-atesleyin\/\" tabindex=\"-1\" ><div class=\"elementor-post__thumbnail\"><img fetchpriority=\"high\" decoding=\"async\" width=\"1240\" height=\"790\" src=\"https:\/\/cornicheperfume.com\/wp-content\/uploads\/2024\/07\/Lueur-de-Vie.jpg\" class=\"attachment-full size-full wp-image-817\" alt=\"Lueur de Vie\" srcset=\"https:\/\/cornicheperfume.com\/wp-content\/uploads\/2024\/07\/Lueur-de-Vie.jpg 1240w, https:\/\/cornicheperfume.com\/wp-content\/uploads\/2024\/07\/Lueur-de-Vie-300x191.jpg 300w, https:\/\/cornicheperfume.com\/wp-content\/uploads\/2024\/07\/Lueur-de-Vie-1024x652.jpg 1024w, https:\/\/cornicheperfume.com\/wp-content\/uploads\/2024\/07\/Lueur-de-Vie-768x489.jpg 768w, https:\/\/cornicheperfume.com\/wp-content\/uploads\/2024\/07\/Lueur-de-Vie-600x382.jpg 600w\" sizes=\"(max-width: 1240px) 100vw, 1240px\" \/><\/div><\/a>\n\t\t\t\t<div class=\"elementor-post__text\">\n\t\t\t\t<h4 class=\"elementor-post__title\">\n\t\t\t<a href=\"https:\/\/cornicheperfume.com\/tr\/2024\/07\/23\/lueur-de-vie-muhtesem-ciceksi-agarwood-senfonisiyle-isiltinizi-atesleyin\/\" >\n\t\t\t\tLueur de Vie: Muhte\u015fem \u00c7i\u00e7eksi Agarwood Senfonisiyle I\u015f\u0131lt\u0131n\u0131z\u0131 Ate\u015fleyin\t\t\t<\/a>\n\t\t<\/h4>\n\t\t\n\t\t<a class=\"elementor-post__read-more\" href=\"https:\/\/cornicheperfume.com\/tr\/2024\/07\/23\/lueur-de-vie-muhtesem-ciceksi-agarwood-senfonisiyle-isiltinizi-atesleyin\/\" aria-label=\"Read more about Lueur de Vie: Muhte\u015fem \u00c7i\u00e7eksi Agarwood Senfonisiyle I\u015f\u0131lt\u0131n\u0131z\u0131 Ate\u015fleyin\" tabindex=\"-1\" >\n\t\t\tDaha fazla bilgi edinin\t\t<\/a>\n\n\t\t\t\t<\/div>\n\t\t\t\t\t<\/div>\n\t\t<\/article>\n\t\t\t\t<article class=\"elementor-post elementor-grid-item post-867 post type-post status-publish format-standard has-post-thumbnail hentry category-uncategorized-tr\" role=\"listitem\">\n\t\t\t<div class=\"elementor-post__card\">\n\t\t\t\t<a class=\"elementor-post__thumbnail__link\" href=\"https:\/\/cornicheperfume.com\/tr\/2024\/06\/10\/opale-ormanin-kucaginda-buyuleyici-bir-iksir\/\" tabindex=\"-1\" ><div class=\"elementor-post__thumbnail\"><img decoding=\"async\" width=\"1640\" height=\"800\" src=\"https:\/\/cornicheperfume.com\/wp-content\/uploads\/2024\/06\/Green-Beige-Nature-Forest-New-Arrival-Perfume-Scent-Sale-Instagram-Post.jpg\" class=\"attachment-full size-full wp-image-866\" alt=\"Opale\" srcset=\"https:\/\/cornicheperfume.com\/wp-content\/uploads\/2024\/06\/Green-Beige-Nature-Forest-New-Arrival-Perfume-Scent-Sale-Instagram-Post.jpg 1640w, https:\/\/cornicheperfume.com\/wp-content\/uploads\/2024\/06\/Green-Beige-Nature-Forest-New-Arrival-Perfume-Scent-Sale-Instagram-Post-300x146.jpg 300w, https:\/\/cornicheperfume.com\/wp-content\/uploads\/2024\/06\/Green-Beige-Nature-Forest-New-Arrival-Perfume-Scent-Sale-Instagram-Post-1024x500.jpg 1024w, https:\/\/cornicheperfume.com\/wp-content\/uploads\/2024\/06\/Green-Beige-Nature-Forest-New-Arrival-Perfume-Scent-Sale-Instagram-Post-768x375.jpg 768w, https:\/\/cornicheperfume.com\/wp-content\/uploads\/2024\/06\/Green-Beige-Nature-Forest-New-Arrival-Perfume-Scent-Sale-Instagram-Post-1536x749.jpg 1536w, https:\/\/cornicheperfume.com\/wp-content\/uploads\/2024\/06\/Green-Beige-Nature-Forest-New-Arrival-Perfume-Scent-Sale-Instagram-Post-600x293.jpg 600w\" sizes=\"(max-width: 1640px) 100vw, 1640px\" \/><\/div><\/a>\n\t\t\t\t<div class=\"elementor-post__text\">\n\t\t\t\t<h4 class=\"elementor-post__title\">\n\t\t\t<a href=\"https:\/\/cornicheperfume.com\/tr\/2024\/06\/10\/opale-ormanin-kucaginda-buyuleyici-bir-iksir\/\" >\n\t\t\t\tOpale: Orman\u0131n Kuca\u011f\u0131nda B\u00fcy\u00fcleyici Bir \u0130ksir\t\t\t<\/a>\n\t\t<\/h4>\n\t\t\n\t\t<a class=\"elementor-post__read-more\" href=\"https:\/\/cornicheperfume.com\/tr\/2024\/06\/10\/opale-ormanin-kucaginda-buyuleyici-bir-iksir\/\" aria-label=\"Read more about Opale: Orman\u0131n Kuca\u011f\u0131nda B\u00fcy\u00fcleyici Bir \u0130ksir\" tabindex=\"-1\" >\n\t\t\tDaha fazla bilgi edinin\t\t<\/a>\n\n\t\t\t\t<\/div>\n\t\t\t\t\t<\/div>\n\t\t<\/article>\n\t\t\t\t<article class=\"elementor-post elementor-grid-item post-870 post type-post status-publish format-standard has-post-thumbnail hentry category-uncategorized-tr\" role=\"listitem\">\n\t\t\t<div class=\"elementor-post__card\">\n\t\t\t\t<a class=\"elementor-post__thumbnail__link\" href=\"https:\/\/cornicheperfume.com\/tr\/2024\/06\/10\/le-luxe-noir-narenciyeli-iris-senfonisi-ile-icinizdeki-zarafeti-ortaya-cikarin\/\" tabindex=\"-1\" ><div class=\"elementor-post__thumbnail\"><img decoding=\"async\" width=\"1640\" height=\"800\" src=\"https:\/\/cornicheperfume.com\/wp-content\/uploads\/2024\/06\/Le-Luxe-Noir.jpg\" class=\"attachment-full size-full wp-image-869\" alt=\"Le Luxe Noir: Narenciyeli \u0130ris Senfonisi ile \u0130\u00e7inizdeki Zarafeti Ortaya \u00c7\u0131kar\u0131n\" srcset=\"https:\/\/cornicheperfume.com\/wp-content\/uploads\/2024\/06\/Le-Luxe-Noir.jpg 1640w, https:\/\/cornicheperfume.com\/wp-content\/uploads\/2024\/06\/Le-Luxe-Noir-300x146.jpg 300w, https:\/\/cornicheperfume.com\/wp-content\/uploads\/2024\/06\/Le-Luxe-Noir-1024x500.jpg 1024w, https:\/\/cornicheperfume.com\/wp-content\/uploads\/2024\/06\/Le-Luxe-Noir-768x375.jpg 768w, https:\/\/cornicheperfume.com\/wp-content\/uploads\/2024\/06\/Le-Luxe-Noir-1536x749.jpg 1536w, https:\/\/cornicheperfume.com\/wp-content\/uploads\/2024\/06\/Le-Luxe-Noir-600x293.jpg 600w\" sizes=\"(max-width: 1640px) 100vw, 1640px\" \/><\/div><\/a>\n\t\t\t\t<div class=\"elementor-post__text\">\n\t\t\t\t<h4 class=\"elementor-post__title\">\n\t\t\t<a href=\"https:\/\/cornicheperfume.com\/tr\/2024\/06\/10\/le-luxe-noir-narenciyeli-iris-senfonisi-ile-icinizdeki-zarafeti-ortaya-cikarin\/\" >\n\t\t\t\tLe Luxe Noir: Narenciyeli \u0130ris Senfonisi ile \u0130\u00e7inizdeki Zarafeti Ortaya \u00c7\u0131kar\u0131n\t\t\t<\/a>\n\t\t<\/h4>\n\t\t\n\t\t<a class=\"elementor-post__read-more\" href=\"https:\/\/cornicheperfume.com\/tr\/2024\/06\/10\/le-luxe-noir-narenciyeli-iris-senfonisi-ile-icinizdeki-zarafeti-ortaya-cikarin\/\" aria-label=\"Read more about Le Luxe Noir: Narenciyeli \u0130ris Senfonisi ile \u0130\u00e7inizdeki Zarafeti Ortaya \u00c7\u0131kar\u0131n\" tabindex=\"-1\" >\n\t\t\tDaha fazla bilgi edinin\t\t<\/a>\n\n\t\t\t\t<\/div>\n\t\t\t\t\t<\/div>\n\t\t<\/article>\n\t\t\t\t<\/div>\n\t\t\n\t\t\t\t\t\t<\/div>\n\t\t\t\t<\/div>\n\t\t\t\t\t<\/div>\n\t\t\t\t<\/div>\n\t\t<footer class=\"elementor-element elementor-element-8d0e1ef e-flex e-con-boxed e-con e-parent\" data-id=\"8d0e1ef\" data-element_type=\"container\" data-e-type=\"container\">\n\t\t\t\t\t<div class=\"e-con-inner\">\n\t\t\t\t<div class=\"elementor-element elementor-element-394646aa elementor-widget elementor-widget-heading\" data-id=\"394646aa\" data-element_type=\"widget\" data-e-type=\"widget\" data-widget_type=\"heading.default\">\n\t\t\t\t<div class=\"elementor-widget-container\">\n\t\t\t\t\t<h2 class=\"elementor-heading-title elementor-size-default\">Sosyal Medya Payla\u015f\u0131mlar\u0131<\/h2>\t\t\t\t<\/div>\n\t\t\t\t<\/div>\n\t\t\t\t<div class=\"elementor-element elementor-element-dcb5110 elementor-widget__width-initial elementor-widget-tablet__width-inherit elementor-widget elementor-widget-text-editor\" data-id=\"dcb5110\" data-element_type=\"widget\" data-e-type=\"widget\" data-widget_type=\"text-editor.default\">\n\t\t\t\t<div class=\"elementor-widget-container\">\n\t\t\t\t\t\t\t\t\t<p>Bu, son sosyal payla\u015f\u0131mlar\u0131n\u0131zdan g\u00f6r\u00fcnt\u00fcleri sergilemek i\u00e7in bir galeridir<\/p>\t\t\t\t\t\t\t\t<\/div>\n\t\t\t\t<\/div>\n\t\t\t\t<div class=\"elementor-element elementor-element-613d6617 elementor-widget__width-inherit elementor-skin-carousel elementor-widget elementor-widget-media-carousel\" data-id=\"613d6617\" data-element_type=\"widget\" data-e-type=\"widget\" data-settings=\"{&quot;slides_per_view&quot;:&quot;5&quot;,&quot;slides_to_scroll&quot;:&quot;1&quot;,&quot;space_between&quot;:{&quot;unit&quot;:&quot;px&quot;,&quot;size&quot;:18,&quot;sizes&quot;:[]},&quot;slides_per_view_tablet&quot;:&quot;4&quot;,&quot;slides_per_view_mobile&quot;:&quot;2&quot;,&quot;skin&quot;:&quot;carousel&quot;,&quot;effect&quot;:&quot;slide&quot;,&quot;speed&quot;:500,&quot;autoplay&quot;:&quot;yes&quot;,&quot;autoplay_speed&quot;:5000,&quot;loop&quot;:&quot;yes&quot;,&quot;pause_on_hover&quot;:&quot;yes&quot;,&quot;pause_on_interaction&quot;:&quot;yes&quot;,&quot;space_between_tablet&quot;:{&quot;unit&quot;:&quot;px&quot;,&quot;size&quot;:10,&quot;sizes&quot;:[]},&quot;space_between_mobile&quot;:{&quot;unit&quot;:&quot;px&quot;,&quot;size&quot;:10,&quot;sizes&quot;:[]}}\" data-widget_type=\"media-carousel.default\">\n\t\t\t\t<div class=\"elementor-widget-container\">\n\t\t\t\t\t\t\t\t\t<div class=\"elementor-swiper\">\n\t\t\t\t\t<div class=\"elementor-main-swiper swiper\" role=\"region\" aria-roledescription=\"carousel\" aria-label=\"Slides\">\n\t\t\t\t<div class=\"swiper-wrapper\">\n\t\t\t\t\t\t\t\t\t\t\t<div class=\"swiper-slide\" role=\"group\" aria-roledescription=\"slide\">\n\t\t\t\t\t\t\t<a href=\"https:\/\/www.instagram.com\/corniche.dor\/p\/C58NceKs22z\/?img_index=1\">\t\t<div class=\"elementor-carousel-image\" role=\"img\" aria-label=\"CORNICHE D&#039;OR\" style=\"background-image: url(&#039;https:\/\/cornicheperfume.com\/wp-content\/uploads\/2024\/05\/insta1.webp&#039;)\">\n\n\t\t\t\n\t\t\t\t\t<\/div>\n\t\t<\/a>\t\t\t\t\t\t<\/div>\n\t\t\t\t\t\t\t\t\t\t\t<div class=\"swiper-slide\" role=\"group\" aria-roledescription=\"slide\">\n\t\t\t\t\t\t\t<a href=\"https:\/\/www.instagram.com\/corniche.dor\/p\/C58NceKs22z\/?img_index=1\">\t\t<div class=\"elementor-carousel-image\" role=\"img\" aria-label=\"CORNICHE D&#039;OR\" style=\"background-image: url(&#039;https:\/\/cornicheperfume.com\/wp-content\/uploads\/2024\/05\/insta2.webp&#039;)\">\n\n\t\t\t\n\t\t\t\t\t<\/div>\n\t\t<\/a>\t\t\t\t\t\t<\/div>\n\t\t\t\t\t\t\t\t\t\t\t<div class=\"swiper-slide\" role=\"group\" aria-roledescription=\"slide\">\n\t\t\t\t\t\t\t<a href=\"https:\/\/www.instagram.com\/corniche.dor\/p\/C58NceKs22z\/?img_index=1\">\t\t<div class=\"elementor-carousel-image\" role=\"img\" aria-label=\"CORNICHE D&#039;OR\" style=\"background-image: url(&#039;https:\/\/cornicheperfume.com\/wp-content\/uploads\/2024\/05\/insta3.webp&#039;)\">\n\n\t\t\t\n\t\t\t\t\t<\/div>\n\t\t<\/a>\t\t\t\t\t\t<\/div>\n\t\t\t\t\t\t\t\t\t\t\t<div class=\"swiper-slide\" role=\"group\" aria-roledescription=\"slide\">\n\t\t\t\t\t\t\t<a href=\"https:\/\/www.instagram.com\/corniche.dor\/p\/C76UwoRsbqH\/?img_index=1\">\t\t<div class=\"elementor-carousel-image\" role=\"img\" aria-label=\"tester corniche d&#039;or\" style=\"background-image: url(&#039;https:\/\/cornicheperfume.com\/wp-content\/uploads\/2024\/06\/tester-corniche-dor-1.jpg&#039;)\">\n\n\t\t\t\n\t\t\t\t\t<\/div>\n\t\t<\/a>\t\t\t\t\t\t<\/div>\n\t\t\t\t\t\t\t\t\t\t\t<div class=\"swiper-slide\" role=\"group\" aria-roledescription=\"slide\">\n\t\t\t\t\t\t\t<a href=\"https:\/\/www.instagram.com\/corniche.dor\/p\/C76UwoRsbqH\/?img_index=1\">\t\t<div class=\"elementor-carousel-image\" role=\"img\" aria-label=\"tester corniche d;or\" style=\"background-image: url(&#039;https:\/\/cornicheperfume.com\/wp-content\/uploads\/2024\/06\/tester-corniche-dor.jpg&#039;)\">\n\n\t\t\t\n\t\t\t\t\t<\/div>\n\t\t<\/a>\t\t\t\t\t\t<\/div>\n\t\t\t\t\t\t\t\t\t\t\t<div class=\"swiper-slide\" role=\"group\" aria-roledescription=\"slide\">\n\t\t\t\t\t\t\t<a href=\"https:\/\/www.instagram.com\/corniche.dor\/p\/C6_2mz5sEIq\/\">\t\t<div class=\"elementor-carousel-image\" role=\"img\" aria-label=\"\u0130simsiz-tasar\u0131m kopyas\u0131\" style=\"background-image: url(&#039;https:\/\/cornicheperfume.com\/wp-content\/uploads\/2024\/05\/Untitled-design-copy.webp&#039;)\">\n\n\t\t\t\n\t\t\t\t\t<\/div>\n\t\t<\/a>\t\t\t\t\t\t<\/div>\n\t\t\t\t\t\t\t\t\t\t\t<div class=\"swiper-slide\" role=\"group\" aria-roledescription=\"slide\">\n\t\t\t\t\t\t\t<a href=\"https:\/\/www.instagram.com\/corniche.dor\/p\/C5qyyLWMRkY\/\">\t\t<div class=\"elementor-carousel-image\" role=\"img\" aria-label=\"mirer1\" style=\"background-image: url(&#039;https:\/\/cornicheperfume.com\/wp-content\/uploads\/2024\/05\/mirer1.webp&#039;)\">\n\n\t\t\t\n\t\t\t\t\t<\/div>\n\t\t<\/a>\t\t\t\t\t\t<\/div>\n\t\t\t\t\t\t\t\t\t<\/div>\n\t\t\t\t\t\t\t\t\t\t\t\t\t\t\t\t\t\t\t\t\t<\/div>\n\t\t\t\t<\/div>\n\t\t\t\t\t\t\t\t<\/div>\n\t\t\t\t<\/div>\n\t\t\t\t\t<\/div>\n\t\t\t\t<\/footer>\n\t\t\t\t<\/div>\n\t\t","protected":false},"excerpt":{"rendered":"<p>PARF\u00dcM BLO\u011eU Sosyal Medya Payla\u015f\u0131mlar\u0131 Bu, son sosyal payla\u015f\u0131mlar\u0131n\u0131zdan g\u00f6r\u00fcnt\u00fcleri sergilemek i\u00e7in bir galeridir<\/p>\n","protected":false},"author":1,"featured_media":0,"parent":0,"menu_order":0,"comment_status":"closed","ping_status":"closed","template":"elementor_header_footer","meta":{"footnotes":""},"class_list":["post-858","page","type-page","status-publish","hentry"],"_links":{"self":[{"href":"https:\/\/cornicheperfume.com\/tr\/wp-json\/wp\/v2\/pages\/858","targetHints":{"allow":["GET"]}}],"collection":[{"href":"https:\/\/cornicheperfume.com\/tr\/wp-json\/wp\/v2\/pages"}],"about":[{"href":"https:\/\/cornicheperfume.com\/tr\/wp-json\/wp\/v2\/types\/page"}],"author":[{"embeddable":true,"href":"https:\/\/cornicheperfume.com\/tr\/wp-json\/wp\/v2\/users\/1"}],"replies":[{"embeddable":true,"href":"https:\/\/cornicheperfume.com\/tr\/wp-json\/wp\/v2\/comments?post=858"}],"version-history":[{"count":1,"href":"https:\/\/cornicheperfume.com\/tr\/wp-json\/wp\/v2\/pages\/858\/revisions"}],"predecessor-version":[{"id":859,"href":"https:\/\/cornicheperfume.com\/tr\/wp-json\/wp\/v2\/pages\/858\/revisions\/859"}],"wp:attachment":[{"href":"https:\/\/cornicheperfume.com\/tr\/wp-json\/wp\/v2\/media?parent=858"}],"curies":[{"name":"wp","href":"https:\/\/api.w.org\/{rel}","templated":true}]}}