{"id":862,"date":"2024-05-17T16:43:36","date_gmt":"2024-05-17T16:43:36","guid":{"rendered":"https:\/\/cornicheperfume.com\/para-iadesi-ve-iade-politikasi\/"},"modified":"2026-04-15T03:50:10","modified_gmt":"2026-04-15T03:50:10","slug":"para-iadesi-ve-iade-politikasi","status":"publish","type":"page","link":"https:\/\/cornicheperfume.com\/tr\/para-iadesi-ve-iade-politikasi\/","title":{"rendered":"Para \u0130adesi ve \u0130ade Politikas\u0131"},"content":{"rendered":"\t\t<div data-elementor-type=\"wp-page\" data-elementor-id=\"862\" class=\"elementor elementor-862 elementor-12\" data-elementor-post-type=\"page\">\n\t\t\t\t<div class=\"elementor-element elementor-element-7ee8edd e-flex e-con-boxed e-con e-parent\" data-id=\"7ee8edd\" data-element_type=\"container\" data-e-type=\"container\">\n\t\t\t\t\t<div class=\"e-con-inner\">\n\t\t\t\t<div class=\"elementor-element elementor-element-b375386 elementor-widget elementor-widget-heading\" data-id=\"b375386\" data-element_type=\"widget\" data-e-type=\"widget\" data-widget_type=\"heading.default\">\n\t\t\t\t<div class=\"elementor-widget-container\">\n\t\t\t\t\t<h2 class=\"elementor-heading-title elementor-size-default\">Para \u0130adesi ve \u0130ade Politikas\u0131<\/h2>\t\t\t\t<\/div>\n\t\t\t\t<\/div>\n\t\t\t\t<div class=\"elementor-element elementor-element-1a4d2ba elementor-widget elementor-widget-heading\" data-id=\"1a4d2ba\" data-element_type=\"widget\" data-e-type=\"widget\" data-widget_type=\"heading.default\">\n\t\t\t\t<div class=\"elementor-widget-container\">\n\t\t\t\t\t<h2 class=\"elementor-heading-title elementor-size-default\">1 May\u0131s 2024 tarihinden itibaren ge\u00e7erlidir<\/h2>\t\t\t\t<\/div>\n\t\t\t\t<\/div>\n\t\t\t\t<div class=\"elementor-element elementor-element-b4e8023 elementor-widget elementor-widget-text-editor\" data-id=\"b4e8023\" data-element_type=\"widget\" data-e-type=\"widget\" data-widget_type=\"text-editor.default\">\n\t\t\t\t<div class=\"elementor-widget-container\">\n\t\t\t\t\t\t\t\t\t<p>M\u00fc\u015fteriler \u00fcr\u00fcnleri teslim ald\u0131ktan sonra yedi (7) g\u00fcn i\u00e7inde iade edebilirler. M\u00fc\u015fteri, iade nakliye \u00fccretlerinden sorumludur. Para iadesi talep etmek i\u00e7in l\u00fctfen [info@cornicheperfume.com] adresinden M\u00fc\u015fteri Hizmetleri ile ileti\u015fime ge\u00e7in.  <\/p>\n<p>De\u011fi\u015fim i\u00e7in, m\u00fc\u015fteri parf\u00fcm\u00fc iade etmek ve ba\u015fka bir parf\u00fcmle de\u011fi\u015ftirmek isterse, \u00fcr\u00fcn\u00fc iade etme maliyetinin yan\u0131 s\u0131ra parf\u00fcm\u00fc m\u00fc\u015fteriye yeniden g\u00f6nderme maliyetinin yar\u0131s\u0131n\u0131 bize \u00f6demelidir.<\/p>\t\t\t\t\t\t\t\t<\/div>\n\t\t\t\t<\/div>\n\t\t\t\t\t<\/div>\n\t\t\t\t<\/div>\n\t\t\t\t<\/div>\n\t\t","protected":false},"excerpt":{"rendered":"<p>Para \u0130adesi ve \u0130ade Politikas\u0131 1 May\u0131s 2024 tarihinden itibaren ge\u00e7erlidir M\u00fc\u015fteriler \u00fcr\u00fcnleri teslim ald\u0131ktan sonra yedi (7) g\u00fcn i\u00e7inde iade edebilirler. M\u00fc\u015fteri, iade nakliye \u00fccretlerinden sorumludur. Para iadesi talep etmek i\u00e7in l\u00fctfen [info@cornicheperfume.com] adresinden M\u00fc\u015fteri Hizmetleri ile ileti\u015fime ge\u00e7in. De\u011fi\u015fim i\u00e7in, m\u00fc\u015fteri parf\u00fcm\u00fc iade etmek ve ba\u015fka bir parf\u00fcmle de\u011fi\u015ftirmek isterse, \u00fcr\u00fcn\u00fc iade etme [&hellip;]<\/p>\n","protected":false},"author":1,"featured_media":0,"parent":0,"menu_order":0,"comment_status":"closed","ping_status":"closed","template":"elementor_header_footer","meta":{"footnotes":""},"class_list":["post-862","page","type-page","status-publish","hentry"],"_links":{"self":[{"href":"https:\/\/cornicheperfume.com\/tr\/wp-json\/wp\/v2\/pages\/862","targetHints":{"allow":["GET"]}}],"collection":[{"href":"https:\/\/cornicheperfume.com\/tr\/wp-json\/wp\/v2\/pages"}],"about":[{"href":"https:\/\/cornicheperfume.com\/tr\/wp-json\/wp\/v2\/types\/page"}],"author":[{"embeddable":true,"href":"https:\/\/cornicheperfume.com\/tr\/wp-json\/wp\/v2\/users\/1"}],"replies":[{"embeddable":true,"href":"https:\/\/cornicheperfume.com\/tr\/wp-json\/wp\/v2\/comments?post=862"}],"version-history":[{"count":1,"href":"https:\/\/cornicheperfume.com\/tr\/wp-json\/wp\/v2\/pages\/862\/revisions"}],"predecessor-version":[{"id":863,"href":"https:\/\/cornicheperfume.com\/tr\/wp-json\/wp\/v2\/pages\/862\/revisions\/863"}],"wp:attachment":[{"href":"https:\/\/cornicheperfume.com\/tr\/wp-json\/wp\/v2\/media?parent=862"}],"curies":[{"name":"wp","href":"https:\/\/api.w.org\/{rel}","templated":true}]}}