{"id":908,"date":"2024-05-17T16:22:53","date_gmt":"2024-05-17T16:22:53","guid":{"rendered":"https:\/\/cornicheperfume.com\/hizmet-sartlari\/"},"modified":"2026-04-15T04:39:43","modified_gmt":"2026-04-15T04:39:43","slug":"hizmet-sartlari","status":"publish","type":"page","link":"https:\/\/cornicheperfume.com\/tr\/hizmet-sartlari\/","title":{"rendered":"HI\u0307ZMET \u015eARTLARI"},"content":{"rendered":"\t\t<div data-elementor-type=\"wp-page\" data-elementor-id=\"908\" class=\"elementor elementor-908 elementor-392\" data-elementor-post-type=\"page\">\n\t\t\t\t<div class=\"elementor-element elementor-element-006b9d3 e-flex e-con-boxed e-con e-parent\" data-id=\"006b9d3\" data-element_type=\"container\" data-e-type=\"container\">\n\t\t\t\t\t<div class=\"e-con-inner\">\n\t\t\t\t<div class=\"elementor-element elementor-element-0d8e99e elementor-widget elementor-widget-heading\" data-id=\"0d8e99e\" data-element_type=\"widget\" data-e-type=\"widget\" data-widget_type=\"heading.default\">\n\t\t\t\t<div class=\"elementor-widget-container\">\n\t\t\t\t\t<h2 class=\"elementor-heading-title elementor-size-default\">HI\u0307ZMET \u015eARTLARI<\/h2>\t\t\t\t<\/div>\n\t\t\t\t<\/div>\n\t\t\t\t<div class=\"elementor-element elementor-element-d3d3f43 elementor-widget elementor-widget-heading\" data-id=\"d3d3f43\" data-element_type=\"widget\" data-e-type=\"widget\" data-widget_type=\"heading.default\">\n\t\t\t\t<div class=\"elementor-widget-container\">\n\t\t\t\t\t<h2 class=\"elementor-heading-title elementor-size-default\">1 May\u0131s 2024 tarihinden itibaren ge\u00e7erlidir<\/h2>\t\t\t\t<\/div>\n\t\t\t\t<\/div>\n\t\t\t\t<div class=\"elementor-element elementor-element-a09323e elementor-widget elementor-widget-text-editor\" data-id=\"a09323e\" data-element_type=\"widget\" data-e-type=\"widget\" data-widget_type=\"text-editor.default\">\n\t\t\t\t<div class=\"elementor-widget-container\">\n\t\t\t\t\t\t\t\t\t<p><strong>Madde 1 &#8211; KAPSAM<\/strong><\/p><p>Bu Genel Sat\u0131\u015f ve Kullan\u0131m H\u00fck\u00fcm ve Ko\u015fullar\u0131 (bundan b\u00f6yle &#8220;GTCSU&#8221; olarak an\u0131lacakt\u0131r), Sat\u0131c\u0131 taraf\u0131ndan Web Sitesinde sat\u0131\u015fa sunulan \u00fcr\u00fcnleri (bundan b\u00f6yle &#8220;\u00dcr\u00fcn&#8221; veya &#8220;\u00dcr\u00fcnler&#8221; olarak an\u0131lacakt\u0131r) sat\u0131n almak isteyen son al\u0131c\u0131larla (bundan b\u00f6yle &#8220;M\u00fc\u015fteriler&#8221; veya &#8220;M\u00fc\u015fteri&#8221; olarak an\u0131lacakt\u0131r) Sat\u0131c\u0131 taraf\u0131ndan yap\u0131lan t\u00fcm sat\u0131\u015flar i\u00e7in herhangi bir k\u0131s\u0131tlama veya s\u0131n\u0131rlama olmaks\u0131z\u0131n ge\u00e7erlidir.<\/p><p>&#8220;Sat\u0131c\u0131&#8221; ifadesi CARDINAL KOZMETIK ITH. IHR. SAN. T\u0130C. LTD. \u015eT\u0130. olup, merkezi A\u015f\u0131k Veysel Mah. Resneli Niyazi Sk. Greens Outland Sit. No:4 Is Kapi No:86 Essenyurt\/Istanbul Beyoglu V.D.203 061 2607 adresinde faaliyet g\u00f6stermektedir.<\/p><p>\u00dcr\u00fcnlerin teknik \u00f6zellikleri, resimleri ve boyutlar\u0131 veya kapasiteleri hakk\u0131ndaki bilgiler de dahil olmak \u00fczere temel \u00f6zellikleri, M\u00fc\u015fterinin sipari\u015f vermeden \u00f6nce incelemesi gereken Web Sitesinde [www.cornicheperfume.com] yay\u0131nlanmaktad\u0131r.<\/p><p>Bir \u00dcr\u00fcn\u00fcn se\u00e7ilmesi ve sat\u0131n al\u0131nmas\u0131ndan yaln\u0131zca m\u00fc\u015fteri sorumludur. \u00dcr\u00fcn teklifleri, sipari\u015f s\u0131ras\u0131nda belirtildi\u011fi gibi mevcut stok say\u0131s\u0131 ile s\u0131n\u0131rl\u0131d\u0131r. <\/p><p>Bu GTCSU&#8217;ya [www.cornicheperfume.com] web sitesinden her zaman ula\u015f\u0131labilir ve di\u011fer t\u00fcm belgelerden \u00f6nceliklidir.<\/p><p><strong>Madde 2 &#8211; Web Sitemizi Kullanma Ko\u015fullar\u0131<\/strong><\/p><p>Sitenin herhangi bir b\u00f6l\u00fcm\u00fcne eri\u015ferek veya kullanarak, bu \u015eartlar\u0131 kabul etmi\u015f say\u0131l\u0131rs\u0131n\u0131z. M\u00fc\u015fteri, Web Sitesinde [www.cornicheperfume.com] \u00e7evrimi\u00e7i al\u0131\u015fveri\u015f prosed\u00fcr\u00fcne devam etmeden \u00f6nce uygun onay kutusunu se\u00e7erek a\u015fa\u011f\u0131daki GTCSU&#8217;yu okudu\u011funu ve kabul etti\u011fini onaylar. <\/p><p>Bu GTCSU&#8217;nun t\u00fcm h\u00fck\u00fcm ve ko\u015fullar\u0131n\u0131 kabul etmiyorsan\u0131z, \u00dcr\u00fcn sipari\u015flerine eri\u015femez veya bunlar\u0131 kullanamazs\u0131n\u0131z.<\/p><p><strong>MADDE 3: M\u00dc\u015eTERI\u0307 SORUMLULU\u011eU<\/strong><\/p><p>Di\u011fer taraflar\u0131 taklit etmekten, yanl\u0131\u015f veya yan\u0131lt\u0131c\u0131 bilgi yay\u0131nlamaktan veya Web Sitesinin i\u015fleyi\u015fine m\u00fcdahale etmekten ka\u00e7\u0131nmak da dahil olmak \u00fczere ilgili t\u00fcm yasa ve d\u00fczenlemelere uymay\u0131 taahh\u00fct edersiniz.<\/p><p><strong>MADDE 4: SATICININ SORUMLULU\u011eU<\/strong><\/p><p>Sat\u0131c\u0131, kullan\u0131c\u0131 taraf\u0131ndan olu\u015fturulan materyalin do\u011frulu\u011fundan veya Web Sitesinin kullan\u0131m\u0131ndan kaynaklanan dolayl\u0131 zararlardan sorumlu de\u011fildir. Sat\u0131c\u0131, kendi kontrol\u00fc d\u0131\u015f\u0131ndaki web sitesi sorunlar\u0131ndan veya olaylar\u0131ndan sorumlu de\u011fildir. <\/p><p><strong>Madde 5: Fiyat<\/strong><\/p><p>Web sitesinde belirtilen fiyatlar [EUR] cinsindendir ve vergiler dahil de\u011fildir. Fiyatlar kat\u0131d\u0131r ve pazarl\u0131\u011fa tabi de\u011fildir. Sat\u0131c\u0131, fiyatland\u0131rmay\u0131 her an de\u011fi\u015ftirme hakk\u0131n\u0131 sakl\u0131 tutar.  <\/p><p><strong>MADDE 6: EM\u0130RLER<\/strong><\/p><p>Sipari\u015fler web sitesi \u00fczerinden verilir. \u00dcr\u00fcn teklifleri belirtildi\u011fi \u015fekilde ve stok durumuna ba\u011fl\u0131 olarak ge\u00e7erlidir. Sat\u0131\u015f, paran\u0131n tamam\u0131 al\u0131nd\u0131ktan sonra kesinle\u015fir.  <\/p><p><br><strong>MADDE 7: \u00c7EVRI\u0307MI\u0307\u00c7I\u0307 M\u00dc\u015eTERI\u0307 MERKEZI\u0307 VE KI\u0307\u015eI\u0307SEL HESAP<\/strong><\/p><p>M\u00fc\u015fteriler sipari\u015f vermeden \u00f6nce bir hesap olu\u015fturmal\u0131d\u0131r. Do\u011fru bilgileri sa\u011flamaktan ve gerekti\u011finde g\u00fcncellemekten sorumludurlar. <\/p><p><strong>Madde 8: \u00d6deme Ko\u015fullar\u0131<\/strong><\/p><p>Sat\u0131c\u0131 \u00e7e\u015fitli \u00f6deme se\u00e7eneklerini kabul etmektedir. \u00d6demenin tamam\u0131 sipari\u015f g\u00fcn\u00fcnde \u00f6denir. <\/p><p><strong>MADDE 9: TESL\u0130MAT<\/strong><\/p><p>\u00dcr\u00fcnler web sitesinde g\u00f6sterilen adreslere teslim edilir. Teslimat \u00fccretsizdir. Sat\u0131c\u0131, belirtilen s\u00fcre i\u00e7inde teslimat yapmaya \u00e7al\u0131\u015f\u0131r, ancak \u00f6ng\u00f6r\u00fclemeyen durumlardan kaynaklanan gecikmelerden sorumlu de\u011fildir.  <\/p><p><strong>MADDE 10: I\u0307ADE VE DE\u011eI\u0307\u015eI\u0307MLER<\/strong><\/p><p>M\u00fc\u015fteriler \u00fcr\u00fcnleri teslim ald\u0131ktan sonra yedi (7) g\u00fcn i\u00e7inde iade edebilirler. M\u00fc\u015fteri, iade nakliye \u00fccretlerinden sorumludur. Para iadesi talep etmek i\u00e7in l\u00fctfen [info@cornicheperfume.com] adresinden M\u00fc\u015fteri Hizmetleri ile ileti\u015fime ge\u00e7in.  <\/p><p>De\u011fi\u015fim i\u00e7in, m\u00fc\u015fteri parf\u00fcm\u00fc iade etmek ve ba\u015fka bir parf\u00fcmle de\u011fi\u015ftirmek isterse, \u00fcr\u00fcn\u00fc iade etme maliyetinin yan\u0131 s\u0131ra parf\u00fcm\u00fc m\u00fc\u015fteriye yeniden g\u00f6nderme maliyetinin yar\u0131s\u0131n\u0131 bize \u00f6demelidir.<\/p><p><strong>Madde 11 &#8211; M\u00fclkiyetin Devri<\/strong><\/p><p>\u00dcr\u00fcnlerin m\u00fclkiyeti, \u00f6demenin tamamlanmas\u0131 \u00fczerine M\u00fc\u015fteriye devredilir.<\/p><p><strong>Madde 12 &#8211; Sat\u0131c\u0131n\u0131n Sorumlulu\u011fu ve Garantiler<\/strong><\/p><p>\u00dcr\u00fcnler, uygunluk ve gizli kusurlara ili\u015fkin yasal garantilerle desteklenmektedir.<\/p><p><strong>Madde 13: M\u00dcCB\u0130R SEBEP<\/strong><\/p><p>Sat\u0131c\u0131, kendi kontrol\u00fc d\u0131\u015f\u0131ndaki durumlardan (do\u011fal felaketler, salg\u0131n hastal\u0131klar veya h\u00fck\u00fcmet eylemleri gibi) sorumlu de\u011fildir.<\/p><p><strong>Madde 14 &#8211; Ki\u015fisel Veriler<\/strong><\/p><p>L\u00fctfen Gizlilik Politikam\u0131z\u0131 inceleyin <span style=\"color: #0000ff;\">[<\/span><a href=\"https:\/\/cornicheperfume.com\/tr\/gizlilik-politikasi\/\"><span style=\"color: #0000ff;\">Gizlilik Politikas\u0131]<\/span><\/a>.<\/p><p><strong>MADDE 15: FI\u0307KRI\u0307 M\u00dcLKI\u0307YET<\/strong><\/p><p>Sat\u0131c\u0131, web sitesindeki t\u00fcm fikri m\u00fclkiyet haklar\u0131na sahiptir. \u0130zinsiz kullan\u0131m yasakt\u0131r. <\/p>\t\t\t\t\t\t\t\t<\/div>\n\t\t\t\t<\/div>\n\t\t\t\t\t<\/div>\n\t\t\t\t<\/div>\n\t\t\t\t<\/div>\n\t\t","protected":false},"excerpt":{"rendered":"<p>HI\u0307ZMET \u015eARTLARI 1 May\u0131s 2024 tarihinden itibaren ge\u00e7erlidir Madde 1 &#8211; KAPSAM Bu Genel Sat\u0131\u015f ve Kullan\u0131m H\u00fck\u00fcm ve Ko\u015fullar\u0131 (bundan b\u00f6yle &#8220;GTCSU&#8221; olarak an\u0131lacakt\u0131r), Sat\u0131c\u0131 taraf\u0131ndan Web Sitesinde sat\u0131\u015fa sunulan \u00fcr\u00fcnleri (bundan b\u00f6yle &#8220;\u00dcr\u00fcn&#8221; veya &#8220;\u00dcr\u00fcnler&#8221; olarak an\u0131lacakt\u0131r) sat\u0131n almak isteyen son al\u0131c\u0131larla (bundan b\u00f6yle &#8220;M\u00fc\u015fteriler&#8221; veya &#8220;M\u00fc\u015fteri&#8221; olarak an\u0131lacakt\u0131r) Sat\u0131c\u0131 taraf\u0131ndan yap\u0131lan t\u00fcm [&hellip;]<\/p>\n","protected":false},"author":1,"featured_media":0,"parent":0,"menu_order":0,"comment_status":"closed","ping_status":"closed","template":"elementor_header_footer","meta":{"footnotes":""},"class_list":["post-908","page","type-page","status-publish","hentry"],"_links":{"self":[{"href":"https:\/\/cornicheperfume.com\/tr\/wp-json\/wp\/v2\/pages\/908","targetHints":{"allow":["GET"]}}],"collection":[{"href":"https:\/\/cornicheperfume.com\/tr\/wp-json\/wp\/v2\/pages"}],"about":[{"href":"https:\/\/cornicheperfume.com\/tr\/wp-json\/wp\/v2\/types\/page"}],"author":[{"embeddable":true,"href":"https:\/\/cornicheperfume.com\/tr\/wp-json\/wp\/v2\/users\/1"}],"replies":[{"embeddable":true,"href":"https:\/\/cornicheperfume.com\/tr\/wp-json\/wp\/v2\/comments?post=908"}],"version-history":[{"count":1,"href":"https:\/\/cornicheperfume.com\/tr\/wp-json\/wp\/v2\/pages\/908\/revisions"}],"predecessor-version":[{"id":909,"href":"https:\/\/cornicheperfume.com\/tr\/wp-json\/wp\/v2\/pages\/908\/revisions\/909"}],"wp:attachment":[{"href":"https:\/\/cornicheperfume.com\/tr\/wp-json\/wp\/v2\/media?parent=908"}],"curies":[{"name":"wp","href":"https:\/\/api.w.org\/{rel}","templated":true}]}}